{"id":230,"date":"2025-05-27T22:17:34","date_gmt":"2025-05-27T20:17:34","guid":{"rendered":"https:\/\/gemeloexpertise.com\/?page_id=230"},"modified":"2025-05-27T22:17:34","modified_gmt":"2025-05-27T20:17:34","slug":"nos-missions-de-gestion-comptable-2","status":"publish","type":"page","link":"https:\/\/gemeloexpertise.com\/?page_id=230","title":{"rendered":"Nos missions de gestion comptable\u00a0"},"content":{"rendered":"\n<ul class=\"wp-block-list\">\n<li>Tenue comptable\u00a0: saisie des factures de ventes, achats, banques \u2026<\/li>\n\n\n\n<li>Arr\u00eat\u00e9s comptables\u00a0:\u00a0 les travaux d\u2019inventaire pour \u00e9laborer les comptes annuels<\/li>\n\n\n\n<li>Obligations d\u00e9claratives ( la liasse fiscal, la d\u00e9claration d\u2019imp\u00f4ts sur le revenu, la d\u00e9claration sociale, la d\u00e9claration de la TVA<\/li>\n<\/ul>\n","protected":false},"excerpt":{"rendered":"","protected":false},"author":1,"featured_media":0,"parent":0,"menu_order":0,"comment_status":"closed","ping_status":"closed","template":"","meta":{"saved_in_kubio":false,"footnotes":""},"class_list":["post-230","page","type-page","status-publish","hentry"],"kubio_ai_page_context":{"short_desc":"","purpose":"general"},"_links":{"self":[{"href":"https:\/\/gemeloexpertise.com\/index.php?rest_route=\/wp\/v2\/pages\/230","targetHints":{"allow":["GET"]}}],"collection":[{"href":"https:\/\/gemeloexpertise.com\/index.php?rest_route=\/wp\/v2\/pages"}],"about":[{"href":"https:\/\/gemeloexpertise.com\/index.php?rest_route=\/wp\/v2\/types\/page"}],"author":[{"embeddable":true,"href":"https:\/\/gemeloexpertise.com\/index.php?rest_route=\/wp\/v2\/users\/1"}],"replies":[{"embeddable":true,"href":"https:\/\/gemeloexpertise.com\/index.php?rest_route=%2Fwp%2Fv2%2Fcomments&post=230"}],"version-history":[{"count":1,"href":"https:\/\/gemeloexpertise.com\/index.php?rest_route=\/wp\/v2\/pages\/230\/revisions"}],"predecessor-version":[{"id":231,"href":"https:\/\/gemeloexpertise.com\/index.php?rest_route=\/wp\/v2\/pages\/230\/revisions\/231"}],"wp:attachment":[{"href":"https:\/\/gemeloexpertise.com\/index.php?rest_route=%2Fwp%2Fv2%2Fmedia&parent=230"}],"curies":[{"name":"wp","href":"https:\/\/api.w.org\/{rel}","templated":true}]}}